{"id":10,"date":"2024-07-15T08:41:49","date_gmt":"2024-07-15T06:41:49","guid":{"rendered":"https:\/\/www.psychiater-maag.ch\/cms\/?page_id=10"},"modified":"2024-07-16T13:36:13","modified_gmt":"2024-07-16T11:36:13","slug":"home","status":"publish","type":"page","link":"https:\/\/www.psychiater-maag.ch\/cms\/","title":{"rendered":"Home"},"content":{"rendered":"\t\t<div data-elementor-type=\"wp-page\" data-elementor-id=\"10\" class=\"elementor elementor-10\">\n\t\t\t\t<div class=\"elementor-element elementor-element-6f65715 e-flex e-con-boxed e-con e-parent\" data-id=\"6f65715\" data-element_type=\"container\" data-e-type=\"container\">\n\t\t\t\t\t<div class=\"e-con-inner\">\n\t\t<div class=\"elementor-element elementor-element-20feb1b e-con-full e-flex e-con e-child\" data-id=\"20feb1b\" data-element_type=\"container\" data-e-type=\"container\" data-settings=\"{&quot;background_background&quot;:&quot;classic&quot;}\">\n\t\t\t\t<div class=\"elementor-element elementor-element-13b28f9 elementor-widget elementor-widget-spacer\" data-id=\"13b28f9\" data-element_type=\"widget\" data-e-type=\"widget\" data-widget_type=\"spacer.default\">\n\t\t\t\t<div class=\"elementor-widget-container\">\n\t\t\t\t\t\t\t<div class=\"elementor-spacer\">\n\t\t\t<div class=\"elementor-spacer-inner\"><\/div>\n\t\t<\/div>\n\t\t\t\t\t\t<\/div>\n\t\t\t\t<\/div>\n\t\t\t\t<div class=\"elementor-element elementor-element-10c6675 elementor-widget elementor-widget-heading\" data-id=\"10c6675\" data-element_type=\"widget\" data-e-type=\"widget\" data-widget_type=\"heading.default\">\n\t\t\t\t<div class=\"elementor-widget-container\">\n\t\t\t\t\t<h1 class=\"elementor-heading-title elementor-size-default\">Willkommen<\/h1>\t\t\t\t<\/div>\n\t\t\t\t<\/div>\n\t\t\t\t<\/div>\n\t\t<div class=\"elementor-element elementor-element-7e9cfcc e-con-full e-flex e-con e-child\" data-id=\"7e9cfcc\" data-element_type=\"container\" data-e-type=\"container\" data-settings=\"{&quot;background_background&quot;:&quot;classic&quot;}\">\n\t\t\t\t<div class=\"elementor-element elementor-element-d316e31 elementor-widget elementor-widget-spacer\" data-id=\"d316e31\" data-element_type=\"widget\" data-e-type=\"widget\" data-widget_type=\"spacer.default\">\n\t\t\t\t<div class=\"elementor-widget-container\">\n\t\t\t\t\t\t\t<div class=\"elementor-spacer\">\n\t\t\t<div class=\"elementor-spacer-inner\"><\/div>\n\t\t<\/div>\n\t\t\t\t\t\t<\/div>\n\t\t\t\t<\/div>\n\t\t\t\t<div class=\"elementor-element elementor-element-cba2b61 elementor-widget elementor-widget-text-editor\" data-id=\"cba2b61\" data-element_type=\"widget\" data-e-type=\"widget\" data-widget_type=\"text-editor.default\">\n\t\t\t\t<div class=\"elementor-widget-container\">\n\t\t\t\t\t\t\t\t\t<p>In meiner psychiatrisch-psychotherapeutischen Praxis in in Flums f\u00fchre ich Abkl\u00e4rungen, medikament\u00f6se Behandlungen und Psychotherapien durch.<br \/>Es ist mir dabei ein Anliegen, mit meinen KlientInnen einen unkomplizierten, von Respekt, Achtung und Transparenz gepr\u00e4gten Umgang zu pflegen.<br \/>Die Praxis ist rollstuhlg\u00e4ngig. Unser Hund (freundlicher, ruhiger Beagle) ist in der Regel anwesend. Selbstverst\u00e4ndlich d\u00fcrfen auch Sie ihren Hund zu den Therapiesitzungen mitbringen!<\/p>\t\t\t\t\t\t\t\t<\/div>\n\t\t\t\t<\/div>\n\t\t\t\t<div class=\"elementor-element elementor-element-d354be9 elementor-widget elementor-widget-text-editor\" data-id=\"d354be9\" data-element_type=\"widget\" data-e-type=\"widget\" data-widget_type=\"text-editor.default\">\n\t\t\t\t<div class=\"elementor-widget-container\">\n\t\t\t\t\t\t\t\t\t<p>Dr. med. Tobias A. Maag<br \/>Psychiatrie &amp; Psychotherapie FMH<br \/>Marktstrasse 6<br \/>8890 Flums<br \/>Telefon: <a href=\"tel:0817331659\">081 733 16 59<\/a> <br \/>Mail: <a href=\"mailto:sekretariat.praxismaag@hin.ch\">sekretariat.praxismaag@hin.ch<\/a><\/p>\t\t\t\t\t\t\t\t<\/div>\n\t\t\t\t<\/div>\n\t\t\t\t<\/div>\n\t\t\t\t\t<\/div>\n\t\t\t\t<\/div>\n\t\t\t\t<\/div>\n\t\t","protected":false},"excerpt":{"rendered":"<p>Willkommen In meiner psychiatrisch-psychotherapeutischen Praxis in in Flums f\u00fchre ich Abkl\u00e4rungen, medikament\u00f6se Behandlungen und Psychotherapien durch.Es ist mir dabei ein Anliegen, mit meinen KlientInnen einen unkomplizierten, von Respekt, Achtung und Transparenz gepr\u00e4gten Umgang zu pflegen.Die Praxis ist rollstuhlg\u00e4ngig. Unser Hund (freundlicher, ruhiger Beagle) ist in der Regel anwesend. Selbstverst\u00e4ndlich d\u00fcrfen auch Sie ihren Hund zu&hellip;&nbsp;<\/p>\n","protected":false},"author":1,"featured_media":0,"parent":0,"menu_order":0,"comment_status":"closed","ping_status":"closed","template":"page-templates\/template-pagebuilder-full-width.php","meta":{"neve_meta_sidebar":"","neve_meta_container":"","neve_meta_enable_content_width":"","neve_meta_content_width":0,"neve_meta_title_alignment":"","neve_meta_author_avatar":"","neve_post_elements_order":"","neve_meta_disable_header":"","neve_meta_disable_footer":"","neve_meta_disable_title":"","footnotes":""},"class_list":["post-10","page","type-page","status-publish","hentry"],"_links":{"self":[{"href":"https:\/\/www.psychiater-maag.ch\/cms\/wp-json\/wp\/v2\/pages\/10","targetHints":{"allow":["GET"]}}],"collection":[{"href":"https:\/\/www.psychiater-maag.ch\/cms\/wp-json\/wp\/v2\/pages"}],"about":[{"href":"https:\/\/www.psychiater-maag.ch\/cms\/wp-json\/wp\/v2\/types\/page"}],"author":[{"embeddable":true,"href":"https:\/\/www.psychiater-maag.ch\/cms\/wp-json\/wp\/v2\/users\/1"}],"replies":[{"embeddable":true,"href":"https:\/\/www.psychiater-maag.ch\/cms\/wp-json\/wp\/v2\/comments?post=10"}],"version-history":[{"count":31,"href":"https:\/\/www.psychiater-maag.ch\/cms\/wp-json\/wp\/v2\/pages\/10\/revisions"}],"predecessor-version":[{"id":134,"href":"https:\/\/www.psychiater-maag.ch\/cms\/wp-json\/wp\/v2\/pages\/10\/revisions\/134"}],"wp:attachment":[{"href":"https:\/\/www.psychiater-maag.ch\/cms\/wp-json\/wp\/v2\/media?parent=10"}],"curies":[{"name":"wp","href":"https:\/\/api.w.org\/{rel}","templated":true}]}}